{"id":1496,"date":"2023-07-05T09:13:46","date_gmt":"2023-07-05T09:13:46","guid":{"rendered":"https:\/\/retificiosensole.com\/?page_id=1496"},"modified":"2024-07-31T07:48:29","modified_gmt":"2024-07-31T07:48:29","slug":"credits","status":"publish","type":"page","link":"https:\/\/retificiosensole.com\/en\/credits\/","title":{"rendered":"Credits"},"content":{"rendered":"<div data-elementor-type=\"wp-page\" data-elementor-id=\"1496\" class=\"elementor elementor-1496\">\n\t\t\t\t\t\t<section class=\"elementor-section elementor-top-section elementor-element elementor-element-4606634 elementor-section-boxed elementor-section-height-default elementor-section-height-default\" data-id=\"4606634\" data-element_type=\"section\" data-e-type=\"section\">\n\t\t\t\t\t\t<div class=\"elementor-container elementor-column-gap-default\">\n\t\t\t\t\t<div class=\"elementor-column elementor-col-100 elementor-top-column elementor-element elementor-element-44eb187\" data-id=\"44eb187\" data-element_type=\"column\" data-e-type=\"column\">\n\t\t\t<div class=\"elementor-widget-wrap elementor-element-populated\">\n\t\t\t\t\t\t<div class=\"elementor-element elementor-element-be11369 elementor-widget elementor-widget-text-editor\" data-id=\"be11369\" data-element_type=\"widget\" data-e-type=\"widget\" data-widget_type=\"text-editor.default\">\n\t\t\t\t<div class=\"elementor-widget-container\">\n\t\t\t\t\t\t\t\t\t<h1>Degvoice: il tuo partner di fiducia per la realizzazione di siti web e pubblicit\u00e0 su Google<\/h1><p>Da pi\u00f9 di 10 anni, Degvoice \u00e8 al tuo fianco per garantire una presenza online vincente. Specializzati nella realizzazione di siti web e campagne pubblicitarie su Google, siamo pronti a portare il tuo progetto al successo.<\/p><p>Il nostro team di esperti \u00e8 tra i pi\u00f9 qualificati nel panorama del web marketing. Siamo certificati come <a href=\"https:\/\/degvoice.it\/\" target=\"_blank\" rel=\"noopener\">Agenzia Google Partner<\/a>, il che ci permette di offrire ai nostri clienti servizi all&#8217;avanguardia e strumenti per creare campagne di successo e testarne l&#8217;efficacia in modo completo.<\/p><h2><strong>Per Retificio Sensole forniamo i seguenti servizi<\/strong><\/h2><p>I nostri servizi coprono una vasta gamma di soluzioni per garantire il successo del tuo progetto:<\/p><ul><li><a href=\"https:\/\/degvoice.it\/siti-web\/\" target=\"_blank\" rel=\"noopener\">Realizzazione di siti web<\/a>: Dalla definizione degli obiettivi alla creazione di landing page, ci occupiamo di realizzare siti web moderni, funzionali e attenti all&#8217;esperienza utente.<\/li><li><a href=\"https:\/\/degvoice.it\/protocollo-google\/\" target=\"_blank\" rel=\"noopener\">Pubblicit\u00e0 su Google<\/a>: Siamo specializzati nella creazione di campagne pubblicitarie su Google AdWords e Bing Ads, garantendo visibilit\u00e0 e risultati concreti sui principali motori di ricerca.<\/li><li>Un <a href=\"https:\/\/degvoice.it\/consulente-seo-brescia\/\">Consulente\u00a0SEO Brescia<\/a> dedicato (Search Engine Optimization) in quanto abbiamo Retificio Sensole sede in provincia di Brescia: Il nostro team si occupa del posizionamento organico sui motori di ricerca, utilizzando strategie e tecniche efficaci per migliorare la visibilit\u00e0 del tuo sito web.<\/li><li>Copywriting persuasivo: Creiamo testi accattivanti e persuasivi per il tuo sito web, che catturano l&#8217;attenzione degli utenti e li spingono all&#8217;azione.<\/li><li>Promozione sui social media: Gestiamo campagne di promozione mirate su diverse piattaforme social, per raggiungere il tuo target di riferimento e aumentare la visibilit\u00e0 del tuo brand.<\/li><li>Analisi dell&#8217;esperienza utente: Attraverso un&#8217;analisi approfondita, valutiamo l&#8217;esperienza degli utenti sul tuo sito web e suggeriamo miglioramenti per ottimizzare la loro interazione con il tuo marchio.<\/li><li>Digital Strategy: Sviluppiamo strategie personalizzate per il tuo business, aiutandoti a raggiungere gli obiettivi di marketing e a crescere online.<\/li><\/ul><p>Se vuoi essere seguito come Retificio Sensole, scegli <a style=\"background-color: #ffffff;\" href=\"https:\/\/degvoice.it\/\" target=\"_blank\" rel=\"noopener\">Degvoice<\/a> come il tuo partner di fiducia di visibilit\u00e0 online. Siamo qui per aiutarti a raggiungere il successo online.\u00a0<\/p>\t\t\t\t\t\t\t\t<\/div>\n\t\t\t\t<\/div>\n\t\t\t\t\t<\/div>\n\t\t<\/div>\n\t\t\t\t\t<\/div>\n\t\t<\/section>\n\t\t\t\t<\/div>","protected":false},"excerpt":{"rendered":"<p class=\"tx-excerpt\">Degvoice: il tuo partner di fiducia per la realizzazione di siti web e pubblicit\u00e0 su Google Da pi\u00f9 di 10 anni, Degvoice \u00e8","protected":false},"author":2,"featured_media":0,"parent":0,"menu_order":0,"comment_status":"closed","ping_status":"closed","template":"","meta":{"_eb_attr":"","footnotes":""},"class_list":["post-1496","page","type-page","status-publish","hentry"],"yoast_head":"<!-- This site is optimized with the Yoast SEO plugin v27.2 - https:\/\/yoast.com\/product\/yoast-seo-wordpress\/ -->\n<title>Credits - Retificio Sensole<\/title>\n<meta name=\"robots\" content=\"index, follow, max-snippet:-1, max-image-preview:large, max-video-preview:-1\" \/>\n<link rel=\"canonical\" href=\"https:\/\/retificiosensole.com\/en\/credits\/\" \/>\n<meta property=\"og:locale\" content=\"en_GB\" \/>\n<meta property=\"og:type\" content=\"article\" \/>\n<meta property=\"og:title\" content=\"Credits - Retificio Sensole\" \/>\n<meta property=\"og:description\" content=\"Degvoice: il tuo partner di fiducia per la realizzazione di siti web e pubblicit\u00e0 su Google Da pi\u00f9 di 10 anni, Degvoice \u00e8 al tuo fianco per garantire una presenza online vincente. Specializzati nella realizzazione di siti web e campagne pubblicitarie su Google, siamo pronti a portare il tuo progetto al successo. Il nostro team [&hellip;]\" \/>\n<meta property=\"og:url\" content=\"https:\/\/retificiosensole.com\/en\/credits\/\" \/>\n<meta property=\"og:site_name\" content=\"Retificio Sensole\" \/>\n<meta property=\"article:modified_time\" content=\"2024-07-31T07:48:29+00:00\" \/>\n<meta name=\"twitter:card\" content=\"summary_large_image\" \/>\n<meta name=\"twitter:label1\" content=\"Estimated reading time\" \/>\n\t<meta name=\"twitter:data1\" content=\"2 minutes\" \/>\n<script type=\"application\/ld+json\" class=\"yoast-schema-graph\">{\"@context\":\"https:\/\/schema.org\",\"@graph\":[{\"@type\":\"WebPage\",\"@id\":\"https:\/\/retificiosensole.com\/en\/credits\/\",\"url\":\"https:\/\/retificiosensole.com\/en\/credits\/\",\"name\":\"Credits - Retificio Sensole\",\"isPartOf\":{\"@id\":\"https:\/\/retificiosensole.com\/en\/#website\"},\"datePublished\":\"2023-07-05T09:13:46+00:00\",\"dateModified\":\"2024-07-31T07:48:29+00:00\",\"breadcrumb\":{\"@id\":\"https:\/\/retificiosensole.com\/en\/credits\/#breadcrumb\"},\"inLanguage\":\"en-GB\",\"potentialAction\":[{\"@type\":\"ReadAction\",\"target\":[\"https:\/\/retificiosensole.com\/en\/credits\/\"]}]},{\"@type\":\"BreadcrumbList\",\"@id\":\"https:\/\/retificiosensole.com\/en\/credits\/#breadcrumb\",\"itemListElement\":[{\"@type\":\"ListItem\",\"position\":1,\"name\":\"Retificio Sensole\",\"item\":\"https:\/\/retificiosensole.com\/\"},{\"@type\":\"ListItem\",\"position\":2,\"name\":\"Credits\"}]},{\"@type\":\"WebSite\",\"@id\":\"https:\/\/retificiosensole.com\/en\/#website\",\"url\":\"https:\/\/retificiosensole.com\/en\/\",\"name\":\"Retificio Sensole\",\"description\":\"Reti sportive e di protezione\",\"potentialAction\":[{\"@type\":\"SearchAction\",\"target\":{\"@type\":\"EntryPoint\",\"urlTemplate\":\"https:\/\/retificiosensole.com\/en\/?s={search_term_string}\"},\"query-input\":{\"@type\":\"PropertyValueSpecification\",\"valueRequired\":true,\"valueName\":\"search_term_string\"}}],\"inLanguage\":\"en-GB\"}]}<\/script>\n<!-- \/ Yoast SEO plugin. -->","yoast_head_json":{"title":"Credits - Retificio Sensole","robots":{"index":"index","follow":"follow","max-snippet":"max-snippet:-1","max-image-preview":"max-image-preview:large","max-video-preview":"max-video-preview:-1"},"canonical":"https:\/\/retificiosensole.com\/en\/credits\/","og_locale":"en_GB","og_type":"article","og_title":"Credits - Retificio Sensole","og_description":"Degvoice: il tuo partner di fiducia per la realizzazione di siti web e pubblicit\u00e0 su Google Da pi\u00f9 di 10 anni, Degvoice \u00e8 al tuo fianco per garantire una presenza online vincente. Specializzati nella realizzazione di siti web e campagne pubblicitarie su Google, siamo pronti a portare il tuo progetto al successo. Il nostro team [&hellip;]","og_url":"https:\/\/retificiosensole.com\/en\/credits\/","og_site_name":"Retificio Sensole","article_modified_time":"2024-07-31T07:48:29+00:00","twitter_card":"summary_large_image","twitter_misc":{"Estimated reading time":"2 minutes"},"schema":{"@context":"https:\/\/schema.org","@graph":[{"@type":"WebPage","@id":"https:\/\/retificiosensole.com\/en\/credits\/","url":"https:\/\/retificiosensole.com\/en\/credits\/","name":"Credits - Retificio Sensole","isPartOf":{"@id":"https:\/\/retificiosensole.com\/en\/#website"},"datePublished":"2023-07-05T09:13:46+00:00","dateModified":"2024-07-31T07:48:29+00:00","breadcrumb":{"@id":"https:\/\/retificiosensole.com\/en\/credits\/#breadcrumb"},"inLanguage":"en-GB","potentialAction":[{"@type":"ReadAction","target":["https:\/\/retificiosensole.com\/en\/credits\/"]}]},{"@type":"BreadcrumbList","@id":"https:\/\/retificiosensole.com\/en\/credits\/#breadcrumb","itemListElement":[{"@type":"ListItem","position":1,"name":"Retificio Sensole","item":"https:\/\/retificiosensole.com\/"},{"@type":"ListItem","position":2,"name":"Credits"}]},{"@type":"WebSite","@id":"https:\/\/retificiosensole.com\/en\/#website","url":"https:\/\/retificiosensole.com\/en\/","name":"Retificio Sensole","description":"Reti sportive e di protezione","potentialAction":[{"@type":"SearchAction","target":{"@type":"EntryPoint","urlTemplate":"https:\/\/retificiosensole.com\/en\/?s={search_term_string}"},"query-input":{"@type":"PropertyValueSpecification","valueRequired":true,"valueName":"search_term_string"}}],"inLanguage":"en-GB"}]}},"_links":{"self":[{"href":"https:\/\/retificiosensole.com\/en\/wp-json\/wp\/v2\/pages\/1496","targetHints":{"allow":["GET"]}}],"collection":[{"href":"https:\/\/retificiosensole.com\/en\/wp-json\/wp\/v2\/pages"}],"about":[{"href":"https:\/\/retificiosensole.com\/en\/wp-json\/wp\/v2\/types\/page"}],"author":[{"embeddable":true,"href":"https:\/\/retificiosensole.com\/en\/wp-json\/wp\/v2\/users\/2"}],"replies":[{"embeddable":true,"href":"https:\/\/retificiosensole.com\/en\/wp-json\/wp\/v2\/comments?post=1496"}],"version-history":[{"count":5,"href":"https:\/\/retificiosensole.com\/en\/wp-json\/wp\/v2\/pages\/1496\/revisions"}],"predecessor-version":[{"id":3126,"href":"https:\/\/retificiosensole.com\/en\/wp-json\/wp\/v2\/pages\/1496\/revisions\/3126"}],"wp:attachment":[{"href":"https:\/\/retificiosensole.com\/en\/wp-json\/wp\/v2\/media?parent=1496"}],"curies":[{"name":"wp","href":"https:\/\/api.w.org\/{rel}","templated":true}]}}