{"id":3513,"date":"2025-06-13T07:43:17","date_gmt":"2025-06-13T07:43:17","guid":{"rendered":"https:\/\/retificiosensole.com\/?post_type=product&#038;p=3513"},"modified":"2025-09-26T07:50:48","modified_gmt":"2025-09-26T07:50:48","slug":"rete-per-pollaio","status":"publish","type":"product","link":"https:\/\/retificiosensole.com\/en\/rete-per-pollaio\/","title":{"rendered":"Rete per Pollaio e Allevamenti Volatili &#8211; Maglia 50mm &#8211; Art. 701\/50"},"content":{"rendered":"<h1>Rete per Pollaio &#8211; Maglia 50mm- Art. 701\/50<\/h1>\n<p data-start=\"321\" data-end=\"686\">Le <strong data-start=\"324\" data-end=\"343\">reti per pollai<\/strong> in polietilene ad alta tenacit\u00e0 rappresentano la soluzione ideale per garantire sicurezza e protezione in allevamenti domestici e professionali. Grazie alla <strong data-start=\"501\" data-end=\"527\">maglia quadra 50&#215;50 mm<\/strong> e alla <strong data-start=\"535\" data-end=\"565\">lavorazione a nodo inglese<\/strong>, questa rete offre un\u2019elevata resistenza meccanica e una lunga durata nel tempo, anche in condizioni climatiche avverse.<\/p>\n<p data-start=\"688\" data-end=\"996\">Stabilizzata ai raggi UV, termofissata e trattata per essere idrorepellente, \u00e8 particolarmente adatta per l\u2019utilizzo all\u2019esterno in contesti rurali, agricoli o in agriturismi. La struttura ritorta con filo \u00d8 1,5 mm (21 monofilamenti) garantisce ottima tenuta anche in caso di abrasione o trazione prolungata.<\/p>\n<table class=\"table table-hover\" style=\"height: 301px;\" width=\"588\">\n<tbody>\n<tr>\n<td class=\"header-table-custom\">PRODUCT:<\/td>\n<td>Reti per pollai<\/td>\n<\/tr>\n<tr>\n<td class=\"header-table-custom\">MATERIAL:<\/td>\n<td>POLYETHYLENE VERGINE<\/td>\n<\/tr>\n<tr>\n<td class=\"header-table-custom\">COMPOSITION:<\/td>\n<td>3x7x380D<\/td>\n<\/tr>\n<tr>\n<td class=\"header-table-custom\">SON DIAMETER :<\/td>\n<td>1,5mm<\/td>\n<\/tr>\n<tr>\n<td class=\"header-table-custom\">METERS\/KG RATIO:<\/td>\n<td>2400 linear metres\/kg<\/td>\n<\/tr>\n<tr>\n<td class=\"header-table-custom\">SINGLE WIRE BREAKING LOAD:<\/td>\n<td>&gt;<\/td>\n<\/tr>\n<tr>\n<td class=\"header-table-custom\">MEASUREMENT FROM NODE TO NODE:<\/td>\n<td>19mm; 28mm; 50mm<\/td>\n<\/tr>\n<tr>\n<td class=\"header-table-custom\">TREATMENT :<\/td>\n<td>Steam fixing<\/td>\n<\/tr>\n<tr>\n<td class=\"header-table-custom\">COLOR :<\/td>\n<td>Black<\/td>\n<\/tr>\n<tr>\n<td class=\"header-table-custom\">PROCESSING:<\/td>\n<td>loom woven net<\/td>\n<\/tr>\n<\/tbody>\n<\/table>\n<h2 data-start=\"1883\" data-end=\"1904\">Perch\u00e9 le nostre reti per pollai<\/h2>\n<p data-start=\"1906\" data-end=\"2315\">La nostra <strong data-start=\"1916\" data-end=\"1936\">rete per pollaio<\/strong> \u00e8 progettata per unire resistenza, praticit\u00e0 e lunga durata. Grazie alla stabilizzazione UV e al trattamento idrorepellente, pu\u00f2 essere lasciata all\u2019aperto tutto l\u2019anno senza rischio di deterioramento. L\u2019installazione risulta semplice sia in verticale che in orizzontale, rendendola adatta a diverse configurazioni strutturali, dai pollai artigianali alle recinzioni pi\u00f9 estese.<\/p>\n<p data-start=\"2317\" data-end=\"2495\">In un contesto sempre pi\u00f9 attento alla sicurezza degli animali e alla sostenibilit\u00e0, le nostre <strong data-start=\"2412\" data-end=\"2432\">reti per galline<\/strong> rappresentano una scelta affidabile, duratura e professionale.<\/p>\n<hr \/>\n<p><a name=\"richiesta-preventivo\"><\/a><\/p>\n<h3 style=\"text-align: center;\"><strong>Inviaci un preventivo per richiedere la Rete per Pollai e Galline &#8211; Maglia 50mm- Art. 701\/50<\/strong><\/h3>\n<p style=\"text-align: center;\">Compilando i campi qui di seguito indicati, possiamo inviarti un preventivo personalizzato.<\/p>\n<p style=\"text-align: center;\">\n<div class=\"wpcf7 no-js\" id=\"wpcf7-f3031-o1\" lang=\"en-US\" dir=\"ltr\" data-wpcf7-id=\"3031\">\n<div class=\"screen-reader-response\"><p role=\"status\" aria-live=\"polite\" aria-atomic=\"true\"><\/p> <ul><\/ul><\/div>\n<form action=\"\/en\/wp-json\/wp\/v2\/product\/3513#wpcf7-f3031-o1\" method=\"post\" class=\"wpcf7-form init\" aria-label=\"Contact form\" novalidate=\"novalidate\" data-status=\"init\" data-trp-original-action=\"\/en\/wp-json\/wp\/v2\/product\/3513#wpcf7-f3031-o1\">\n<fieldset class=\"hidden-fields-container\"><input type=\"hidden\" name=\"_wpcf7\" value=\"3031\" \/><input type=\"hidden\" name=\"_wpcf7_version\" value=\"6.1.5\" \/><input type=\"hidden\" name=\"_wpcf7_locale\" value=\"en_US\" \/><input type=\"hidden\" name=\"_wpcf7_unit_tag\" value=\"wpcf7-f3031-o1\" \/><input type=\"hidden\" name=\"_wpcf7_container_post\" value=\"0\" \/><input type=\"hidden\" name=\"_wpcf7_posted_data_hash\" value=\"\" \/><input type=\"hidden\" name=\"_wpcf7cf_hidden_group_fields\" value=\"[]\" \/><input type=\"hidden\" name=\"_wpcf7cf_hidden_groups\" value=\"[]\" \/><input type=\"hidden\" name=\"_wpcf7cf_visible_groups\" value=\"[]\" \/><input type=\"hidden\" name=\"_wpcf7cf_repeaters\" value=\"[]\" \/><input type=\"hidden\" name=\"_wpcf7cf_steps\" value=\"{}\" \/><input type=\"hidden\" name=\"_wpcf7cf_options\" value=\"{&quot;form_id&quot;:3031,&quot;conditions&quot;:[],&quot;settings&quot;:{&quot;animation&quot;:&quot;yes&quot;,&quot;animation_intime&quot;:200,&quot;animation_outtime&quot;:200,&quot;conditions_ui&quot;:&quot;normal&quot;,&quot;notice_dismissed&quot;:false,&quot;notice_dismissed_rollback-cf7-5.8.7&quot;:true}}\" \/><input type=\"hidden\" name=\"_wpcf7_recaptcha_response\" value=\"\" \/>\n<\/fieldset>\n<div class=\"row\">\n\t<div class=\"col-6 col-md-6\">\n\t\t<p><label> Name and Surname*<br \/>\n<span class=\"wpcf7-form-control-wrap\" data-name=\"your-name\"><input size=\"40\" maxlength=\"400\" class=\"wpcf7-form-control wpcf7-text wpcf7-validates-as-required\" aria-required=\"true\" aria-invalid=\"false\" value=\"\" type=\"text\" name=\"your-name\" \/><\/span> <\/label>\n\t\t<\/p>\n\t<\/div>\n\t<div class=\"col-6 col-md-6\">\n\t\t<p><label> Company<br \/>\n<span class=\"wpcf7-form-control-wrap\" data-name=\"your-azienda\"><input size=\"40\" maxlength=\"400\" class=\"wpcf7-form-control wpcf7-text\" aria-invalid=\"false\" value=\"\" type=\"text\" name=\"your-azienda\" \/><\/span> <\/label>\n\t\t<\/p>\n\t<\/div>\n<\/div>\n<div class=\"row\">\n\t<div class=\"col-6 col-md-6\">\n\t\t<p><label> E-mail*<br \/>\n<span class=\"wpcf7-form-control-wrap\" data-name=\"your-email\"><input size=\"40\" maxlength=\"400\" class=\"wpcf7-form-control wpcf7-email wpcf7-validates-as-required wpcf7-text wpcf7-validates-as-email\" aria-required=\"true\" aria-invalid=\"false\" value=\"\" type=\"email\" name=\"your-email\" \/><\/span> <\/label>\n\t\t<\/p>\n\t<\/div>\n\t<div class=\"col-6 col-md-6\">\n\t\t<p><label> Phone number*<br \/>\n<span class=\"wpcf7-form-control-wrap\" data-name=\"your-phone\"><input size=\"40\" maxlength=\"400\" class=\"wpcf7-form-control wpcf7-tel wpcf7-text wpcf7-validates-as-tel\" aria-invalid=\"false\" placeholder=\"Phone number\" value=\"\" type=\"tel\" name=\"your-phone\" \/><\/span><\/label>\n\t\t<\/p>\n\t<\/div>\n<\/div>\n<div class=\"row\">\n\t<div class=\"col-6 col-md-6\">\n\t\t<p><label> Lunghezza (in metri)*<br \/>\n<span class=\"wpcf7-form-control-wrap\" data-name=\"Lunghezza\"><input size=\"40\" maxlength=\"400\" class=\"wpcf7-form-control wpcf7-text wpcf7-validates-as-required\" aria-required=\"true\" aria-invalid=\"false\" value=\"\" type=\"text\" name=\"Lunghezza\" \/><\/span> <\/label>\n\t\t<\/p>\n\t<\/div>\n\t<div class=\"col-6 col-md-6\">\n\t\t<p><label> Larghezza (in metri)*<br \/>\n<span class=\"wpcf7-form-control-wrap\" data-name=\"Larghezza\"><input size=\"40\" maxlength=\"400\" class=\"wpcf7-form-control wpcf7-text wpcf7-validates-as-required\" aria-required=\"true\" aria-invalid=\"false\" value=\"\" type=\"text\" name=\"Larghezza\" \/><\/span><\/label>\n\t\t<\/p>\n\t<\/div>\n<\/div>\n<div class=\"row\">\n\t<div class=\"col-6 col-md-6\">\n\t\t<p><label> Quantit\u00e0*<br \/>\n<span class=\"wpcf7-form-control-wrap\" data-name=\"Quantita\"><input class=\"wpcf7-form-control wpcf7-number wpcf7-validates-as-required wpcf7-validates-as-number\" aria-required=\"true\" aria-invalid=\"false\" value=\"\" type=\"number\" name=\"Quantita\" \/><\/span> <\/label>\n\t\t<\/p>\n\t<\/div>\n\t<div class=\"col-6 col-md-6\">\n\t\t<p><label> Bordatura* <\/label><span class=\"wpcf7-form-control-wrap\" data-name=\"Bordatura\"><span class=\"wpcf7-form-control wpcf7-radio\"><span class=\"wpcf7-list-item first\"><label><input type=\"radio\" name=\"Bordatura\" value=\"Si\" checked=\"checked\" \/><span class=\"wpcf7-list-item-label\">Yes<\/span><\/label><\/span><span class=\"wpcf7-list-item last\"><label><input type=\"radio\" name=\"Bordatura\" value=\"No\" \/><span class=\"wpcf7-list-item-label\">No<\/span><\/label><\/span><\/span><\/span>\n\t\t<\/p>\n\t<\/div>\n<\/div>\n<p><span class=\"wpcf7-form-control-wrap\" data-name=\"your-message\"><textarea cols=\"40\" rows=\"10\" maxlength=\"2000\" class=\"wpcf7-form-control wpcf7-textarea wpcf7-validates-as-required\" aria-required=\"true\" aria-invalid=\"false\" placeholder=\"Hai altri dettagli?\" name=\"your-message\"><\/textarea><\/span>\n<\/p>\n<p><span id=\"wpcf7-69f20202b7c90-wrapper\" class=\"wpcf7-form-control-wrap honeypot-10-wrap\" style=\"display:none !important; visibility:hidden !important;\"><label for=\"905\" class=\"hp-message\">Please leave this field empty.<\/label><input id=\"905\"  class=\"wpcf7-form-control wpcf7-text\" type=\"text\" name=\"honeypot-10\" value=\"\" size=\"40\" tabindex=\"-1\" autocomplete=\"new-password\" \/><\/span>\n<\/p>\n<p><span class=\"wpcf7-form-control-wrap\" data-name=\"acceptance-542\"><span class=\"wpcf7-form-control wpcf7-acceptance\"><span class=\"wpcf7-list-item\"><label><input type=\"checkbox\" name=\"acceptance-542\" value=\"1\" aria-invalid=\"false\" \/><span class=\"wpcf7-list-item-label\">I accept the terms and conditions of the<a href=\"https:\/\/www.iubenda.com\/privacy-policy\/11228611\">Privacy policy<\/a><\/span><\/label><\/span><\/span><\/span>\n<\/p>\n<p><input class=\"wpcf7-form-control wpcf7-submit has-spinner\" type=\"submit\" value=\"Invia preventivo\" \/>\n<\/p><p style=\"display: none !important;\" class=\"akismet-fields-container\" data-prefix=\"_wpcf7_ak_\"><label>&#916;<textarea name=\"_wpcf7_ak_hp_textarea\" cols=\"45\" rows=\"8\" maxlength=\"100\"><\/textarea><\/label><input type=\"hidden\" id=\"ak_js_1\" name=\"_wpcf7_ak_js\" value=\"91\"\/><script>document.getElementById( \"ak_js_1\" ).setAttribute( \"value\", ( new Date() ).getTime() );<\/script><\/p><input type='hidden' class='wpcf7-pum' value='{\"closepopup\":false,\"closedelay\":0,\"openpopup\":false,\"openpopup_id\":0}' \/><div class=\"wpcf7-response-output\" aria-hidden=\"true\"><\/div>\n<input type=\"hidden\" name=\"trp-form-language\" value=\"en\"\/><\/form>\n<\/div>\n<\/p>","protected":false},"excerpt":{"rendered":"<p class=\"tx-excerpt\"><div class=\"clearfix\">\r\n\r\n<strong>Specifiche di prodotto<\/strong>\r\n\r\n<\/div>\r\n<ul>\r\n \t<li><strong>Posa:<\/strong> Orizzontale o verticale<\/li>\r\n \t<li><strong>Materiale:<\/strong> Polietilene ad alta tenacit\u00e0<\/li>\r\n \t<li><strong>Lavorazione:<\/strong> Ritorto con filo \u00d8 1,5mm (21 monofilamenti)<\/li>\r\n \t<li><strong>Protezione UV:<\/strong>","protected":false},"featured_media":773,"template":"","meta":{"_eb_attr":""},"product_brand":[],"product_cat":[77,78],"product_tag":[],"class_list":{"0":"post-3513","1":"product","2":"type-product","3":"status-publish","4":"has-post-thumbnail","6":"product_cat-reti-allevamento","7":"product_cat-reti-allevamento-volatili","9":"first","10":"instock","11":"shipping-taxable","12":"product-type-simple"},"yoast_head":"<!-- This site is optimized with the Yoast SEO plugin v27.2 - https:\/\/yoast.com\/product\/yoast-seo-wordpress\/ -->\n<title>Rete per Pollaio | Maglia 50x50mm per Galline e Animali da Cortile<\/title>\n<meta name=\"description\" content=\"Rete per pollaio professionale in polietilene ad alta resistenza, ideale per galline e animali da cortile. Maglia 50x50 mm, UV, duratura e sicura.\" \/>\n<meta name=\"robots\" content=\"index, follow, max-snippet:-1, max-image-preview:large, max-video-preview:-1\" \/>\n<link rel=\"canonical\" href=\"https:\/\/retificiosensole.com\/en\/rete-per-pollaio\/\" \/>\n<meta property=\"og:locale\" content=\"en_GB\" \/>\n<meta property=\"og:type\" content=\"article\" \/>\n<meta property=\"og:title\" content=\"Rete per Pollaio | Maglia 50x50mm per Galline e Animali da Cortile\" \/>\n<meta property=\"og:description\" content=\"Rete per pollaio professionale in polietilene ad alta resistenza, ideale per galline e animali da cortile. Maglia 50x50 mm, UV, duratura e sicura.\" \/>\n<meta property=\"og:url\" content=\"https:\/\/retificiosensole.com\/en\/rete-per-pollaio\/\" \/>\n<meta property=\"og:site_name\" content=\"Retificio Sensole\" \/>\n<meta property=\"article:modified_time\" content=\"2025-09-26T07:50:48+00:00\" \/>\n<meta property=\"og:image\" content=\"https:\/\/retificiosensole.com\/wp-content\/uploads\/2023\/05\/art-701.jpg\" \/>\n\t<meta property=\"og:image:width\" content=\"1100\" \/>\n\t<meta property=\"og:image:height\" content=\"825\" \/>\n\t<meta property=\"og:image:type\" content=\"image\/jpeg\" \/>\n<meta name=\"twitter:card\" content=\"summary_large_image\" \/>\n<meta name=\"twitter:label1\" content=\"Estimated reading time\" \/>\n\t<meta name=\"twitter:data1\" content=\"2 minutes\" \/>\n<script type=\"application\/ld+json\" class=\"yoast-schema-graph\">{\"@context\":\"https:\/\/schema.org\",\"@graph\":[{\"@type\":\"WebPage\",\"@id\":\"https:\/\/retificiosensole.com\/en\/rete-per-pollaio\/\",\"url\":\"https:\/\/retificiosensole.com\/en\/rete-per-pollaio\/\",\"name\":\"Rete per Pollaio | Maglia 50x50mm per Galline e Animali da Cortile\",\"isPartOf\":{\"@id\":\"https:\/\/retificiosensole.com\/en\/#website\"},\"primaryImageOfPage\":{\"@id\":\"https:\/\/retificiosensole.com\/en\/rete-per-pollaio\/#primaryimage\"},\"image\":{\"@id\":\"https:\/\/retificiosensole.com\/en\/rete-per-pollaio\/#primaryimage\"},\"thumbnailUrl\":\"https:\/\/retificiosensole.com\/wp-content\/uploads\/2023\/05\/art-701.jpg\",\"datePublished\":\"2025-06-13T07:43:17+00:00\",\"dateModified\":\"2025-09-26T07:50:48+00:00\",\"description\":\"Rete per pollaio professionale in polietilene ad alta resistenza, ideale per galline e animali da cortile. Maglia 50x50 mm, UV, duratura e sicura.\",\"breadcrumb\":{\"@id\":\"https:\/\/retificiosensole.com\/en\/rete-per-pollaio\/#breadcrumb\"},\"inLanguage\":\"en-GB\",\"potentialAction\":[{\"@type\":\"ReadAction\",\"target\":[\"https:\/\/retificiosensole.com\/en\/rete-per-pollaio\/\"]}]},{\"@type\":\"ImageObject\",\"inLanguage\":\"en-GB\",\"@id\":\"https:\/\/retificiosensole.com\/en\/rete-per-pollaio\/#primaryimage\",\"url\":\"https:\/\/retificiosensole.com\/wp-content\/uploads\/2023\/05\/art-701.jpg\",\"contentUrl\":\"https:\/\/retificiosensole.com\/wp-content\/uploads\/2023\/05\/art-701.jpg\",\"width\":1100,\"height\":825,\"caption\":\"RETE ALLEVAMENTO VOLATILI - Art. 701\/40\"},{\"@type\":\"BreadcrumbList\",\"@id\":\"https:\/\/retificiosensole.com\/en\/rete-per-pollaio\/#breadcrumb\",\"itemListElement\":[{\"@type\":\"ListItem\",\"position\":1,\"name\":\"Retificio Sensole\",\"item\":\"https:\/\/retificiosensole.com\/\"},{\"@type\":\"ListItem\",\"position\":2,\"name\":\"Shop\",\"item\":\"https:\/\/retificiosensole.com\/en\/shop\/\"},{\"@type\":\"ListItem\",\"position\":3,\"name\":\"Reti allevamento\",\"item\":\"https:\/\/retificiosensole.com\/reti-allevamento\/\"},{\"@type\":\"ListItem\",\"position\":4,\"name\":\"Reti allevamento volatili\",\"item\":\"https:\/\/retificiosensole.com\/reti-allevamento\/reti-allevamento-volatili\/\"},{\"@type\":\"ListItem\",\"position\":5,\"name\":\"Rete per Pollaio e Allevamenti Volatili &#8211; Maglia 50mm &#8211; Art. 701\/50\"}]},{\"@type\":\"WebSite\",\"@id\":\"https:\/\/retificiosensole.com\/en\/#website\",\"url\":\"https:\/\/retificiosensole.com\/en\/\",\"name\":\"Retificio Sensole\",\"description\":\"Reti sportive e di protezione\",\"potentialAction\":[{\"@type\":\"SearchAction\",\"target\":{\"@type\":\"EntryPoint\",\"urlTemplate\":\"https:\/\/retificiosensole.com\/en\/?s={search_term_string}\"},\"query-input\":{\"@type\":\"PropertyValueSpecification\",\"valueRequired\":true,\"valueName\":\"search_term_string\"}}],\"inLanguage\":\"en-GB\"}]}<\/script>\n<!-- \/ Yoast SEO plugin. -->","yoast_head_json":{"title":"Rete per Pollaio | Maglia 50x50mm per Galline e Animali da Cortile","description":"Rete per pollaio professionale in polietilene ad alta resistenza, ideale per galline e animali da cortile. Maglia 50x50 mm, UV, duratura e sicura.","robots":{"index":"index","follow":"follow","max-snippet":"max-snippet:-1","max-image-preview":"max-image-preview:large","max-video-preview":"max-video-preview:-1"},"canonical":"https:\/\/retificiosensole.com\/en\/rete-per-pollaio\/","og_locale":"en_GB","og_type":"article","og_title":"Rete per Pollaio | Maglia 50x50mm per Galline e Animali da Cortile","og_description":"Rete per pollaio professionale in polietilene ad alta resistenza, ideale per galline e animali da cortile. Maglia 50x50 mm, UV, duratura e sicura.","og_url":"https:\/\/retificiosensole.com\/en\/rete-per-pollaio\/","og_site_name":"Retificio Sensole","article_modified_time":"2025-09-26T07:50:48+00:00","og_image":[{"width":1100,"height":825,"url":"https:\/\/retificiosensole.com\/wp-content\/uploads\/2023\/05\/art-701.jpg","type":"image\/jpeg"}],"twitter_card":"summary_large_image","twitter_misc":{"Estimated reading time":"2 minutes"},"schema":{"@context":"https:\/\/schema.org","@graph":[{"@type":"WebPage","@id":"https:\/\/retificiosensole.com\/en\/rete-per-pollaio\/","url":"https:\/\/retificiosensole.com\/en\/rete-per-pollaio\/","name":"Rete per Pollaio | Maglia 50x50mm per Galline e Animali da Cortile","isPartOf":{"@id":"https:\/\/retificiosensole.com\/en\/#website"},"primaryImageOfPage":{"@id":"https:\/\/retificiosensole.com\/en\/rete-per-pollaio\/#primaryimage"},"image":{"@id":"https:\/\/retificiosensole.com\/en\/rete-per-pollaio\/#primaryimage"},"thumbnailUrl":"https:\/\/retificiosensole.com\/wp-content\/uploads\/2023\/05\/art-701.jpg","datePublished":"2025-06-13T07:43:17+00:00","dateModified":"2025-09-26T07:50:48+00:00","description":"Rete per pollaio professionale in polietilene ad alta resistenza, ideale per galline e animali da cortile. Maglia 50x50 mm, UV, duratura e sicura.","breadcrumb":{"@id":"https:\/\/retificiosensole.com\/en\/rete-per-pollaio\/#breadcrumb"},"inLanguage":"en-GB","potentialAction":[{"@type":"ReadAction","target":["https:\/\/retificiosensole.com\/en\/rete-per-pollaio\/"]}]},{"@type":"ImageObject","inLanguage":"en-GB","@id":"https:\/\/retificiosensole.com\/en\/rete-per-pollaio\/#primaryimage","url":"https:\/\/retificiosensole.com\/wp-content\/uploads\/2023\/05\/art-701.jpg","contentUrl":"https:\/\/retificiosensole.com\/wp-content\/uploads\/2023\/05\/art-701.jpg","width":1100,"height":825,"caption":"RETE ALLEVAMENTO VOLATILI - Art. 701\/40"},{"@type":"BreadcrumbList","@id":"https:\/\/retificiosensole.com\/en\/rete-per-pollaio\/#breadcrumb","itemListElement":[{"@type":"ListItem","position":1,"name":"Retificio Sensole","item":"https:\/\/retificiosensole.com\/"},{"@type":"ListItem","position":2,"name":"Shop","item":"https:\/\/retificiosensole.com\/en\/shop\/"},{"@type":"ListItem","position":3,"name":"Reti allevamento","item":"https:\/\/retificiosensole.com\/reti-allevamento\/"},{"@type":"ListItem","position":4,"name":"Reti allevamento volatili","item":"https:\/\/retificiosensole.com\/reti-allevamento\/reti-allevamento-volatili\/"},{"@type":"ListItem","position":5,"name":"Rete per Pollaio e Allevamenti Volatili &#8211; Maglia 50mm &#8211; Art. 701\/50"}]},{"@type":"WebSite","@id":"https:\/\/retificiosensole.com\/en\/#website","url":"https:\/\/retificiosensole.com\/en\/","name":"Retificio Sensole","description":"Reti sportive e di protezione","potentialAction":[{"@type":"SearchAction","target":{"@type":"EntryPoint","urlTemplate":"https:\/\/retificiosensole.com\/en\/?s={search_term_string}"},"query-input":{"@type":"PropertyValueSpecification","valueRequired":true,"valueName":"search_term_string"}}],"inLanguage":"en-GB"}]}},"_links":{"self":[{"href":"https:\/\/retificiosensole.com\/en\/wp-json\/wp\/v2\/product\/3513","targetHints":{"allow":["GET"]}}],"collection":[{"href":"https:\/\/retificiosensole.com\/en\/wp-json\/wp\/v2\/product"}],"about":[{"href":"https:\/\/retificiosensole.com\/en\/wp-json\/wp\/v2\/types\/product"}],"version-history":[{"count":2,"href":"https:\/\/retificiosensole.com\/en\/wp-json\/wp\/v2\/product\/3513\/revisions"}],"predecessor-version":[{"id":3685,"href":"https:\/\/retificiosensole.com\/en\/wp-json\/wp\/v2\/product\/3513\/revisions\/3685"}],"wp:featuredmedia":[{"embeddable":true,"href":"https:\/\/retificiosensole.com\/en\/wp-json\/wp\/v2\/media\/773"}],"wp:attachment":[{"href":"https:\/\/retificiosensole.com\/en\/wp-json\/wp\/v2\/media?parent=3513"}],"wp:term":[{"taxonomy":"product_brand","embeddable":true,"href":"https:\/\/retificiosensole.com\/en\/wp-json\/wp\/v2\/product_brand?post=3513"},{"taxonomy":"product_cat","embeddable":true,"href":"https:\/\/retificiosensole.com\/en\/wp-json\/wp\/v2\/product_cat?post=3513"},{"taxonomy":"product_tag","embeddable":true,"href":"https:\/\/retificiosensole.com\/en\/wp-json\/wp\/v2\/product_tag?post=3513"}],"curies":[{"name":"wp","href":"https:\/\/api.w.org\/{rel}","templated":true}]}}